{"id":781,"date":"2016-05-16T20:50:58","date_gmt":"2016-05-16T18:50:58","guid":{"rendered":"http:\/\/lesko-ing.com.pl\/?page_id=781"},"modified":"2025-09-09T14:59:12","modified_gmt":"2025-09-09T12:59:12","slug":"rls-g-3","status":"publish","type":"page","link":"https:\/\/lesko-ing.com.pl\/eng\/rls-g-3\/","title":{"rendered":"RLS280G &#8211; die cutting \/ sheeting machine"},"content":{"rendered":"<div id=\"pl-781\"  class=\"panel-layout\" ><div id=\"pg-781-0\"  class=\"panel-grid panel-no-style\" ><div id=\"pgc-781-0-0\"  class=\"panel-grid-cell\" ><div id=\"panel-781-0-0-0\" class=\"so-panel widget widget_sow-editor panel-first-child panel-last-child\" data-index=\"0\" ><div\n\t\t\t\n\t\t\tclass=\"so-widget-sow-editor so-widget-sow-editor-base\"\n\t\t\t\n\t\t>\n<div class=\"siteorigin-widget-tinymce textwidget\">\n\t<h3 style=\"text-align: left;\"><span style=\"color: #005eb8;\"><strong><u>LESKO RLS280G<\/u><\/strong><\/span><\/h3>\n<h5 style=\"text-align: justify;\">\u00a0<\/h5>\n<h5 style=\"text-align: justify;\">LESKO RLS280G is the ideal solution for customers who expect\u00a0from the machine high functionality and versatility. One compact machine offers you\u00a0opportunity to do:<\/h5>\n<ul>\n<li style=\"text-align: left;\">\n<h5 style=\"text-align: justify;\"><span style=\"color: #005eb8;\">rewinding<\/span><\/h5>\n<\/li>\n<li style=\"text-align: justify;\">\n<h5 style=\"text-align: left;\"><span style=\"color: #005eb8;\">die cutting<\/span><\/h5>\n<\/li>\n<li style=\"text-align: left;\">\n<h5 style=\"text-align: justify;\"><span style=\"color: #005eb8;\">sheeting<\/span><\/h5>\n<\/li>\n<\/ul>\n<h5 style=\"text-align: justify;\">The rotary die cutting unit can also be adapted to work in register.<\/h5>\n<\/div>\n<\/div><\/div><\/div><div id=\"pgc-781-0-1\"  class=\"panel-grid-cell panel-grid-cell-empty\" ><\/div><div id=\"pgc-781-0-2\"  class=\"panel-grid-cell\" ><div id=\"panel-781-0-2-0\" class=\"so-panel widget widget_sow-slider panel-first-child panel-last-child\" data-index=\"1\" ><div\n\t\t\t\n\t\t\tclass=\"so-widget-sow-slider so-widget-sow-slider-default-ac65feeb1111-781\"\n\t\t\t\n\t\t>\t\t\t\t<div class=\"sow-slider-base\" style=\"display: none\" tabindex=\"0\">\n\t\t\t\t\t<ul\n\t\t\t\t\tclass=\"sow-slider-images\"\n\t\t\t\t\tdata-settings=\"{&quot;pagination&quot;:true,&quot;speed&quot;:800,&quot;timeout&quot;:8000,&quot;paused&quot;:false,&quot;pause_on_hover&quot;:false,&quot;swipe&quot;:true,&quot;nav_always_show_desktop&quot;:&quot;&quot;,&quot;nav_always_show_mobile&quot;:&quot;&quot;,&quot;breakpoint&quot;:&quot;780px&quot;,&quot;unmute&quot;:false,&quot;anchor&quot;:null}\"\n\t\t\t\t\t\t\t\t\t\tdata-anchor-id=\"\"\n\t\t\t\t>\t\t<li class=\"sow-slider-image\" style=\"visibility: visible;\" >\n\t\t\t\t\t\t<div class=\"sow-slider-image-container\">\n\t\t\t\t<div class=\"sow-slider-image-wrapper\" style=\"max-width: 1920px\">\n\t\t\t\t\t\t\t\t\t\t<div class=\"sow-slider-image-foreground-wrapper\">\n\t\t\t\t\t\t<img loading=\"lazy\" decoding=\"async\" width=\"1920\" height=\"1080\" src=\"https:\/\/lesko-ing.com.pl\/eng\/wp-content\/uploads\/sites\/8\/2025\/09\/820-RLS280DG-render.jpg\" class=\"sow-slider-foreground-image\" alt=\"\" style=\"\" srcset=\"https:\/\/lesko-ing.com.pl\/eng\/wp-content\/uploads\/sites\/8\/2025\/09\/820-RLS280DG-render.jpg 1920w, https:\/\/lesko-ing.com.pl\/eng\/wp-content\/uploads\/sites\/8\/2025\/09\/820-RLS280DG-render-300x169.jpg 300w, https:\/\/lesko-ing.com.pl\/eng\/wp-content\/uploads\/sites\/8\/2025\/09\/820-RLS280DG-render-1024x576.jpg 1024w, https:\/\/lesko-ing.com.pl\/eng\/wp-content\/uploads\/sites\/8\/2025\/09\/820-RLS280DG-render-768x432.jpg 768w, https:\/\/lesko-ing.com.pl\/eng\/wp-content\/uploads\/sites\/8\/2025\/09\/820-RLS280DG-render-1536x864.jpg 1536w, https:\/\/lesko-ing.com.pl\/eng\/wp-content\/uploads\/sites\/8\/2025\/09\/820-RLS280DG-render-100x55.jpg 100w\" sizes=\"auto, (max-width: 1920px) 100vw, 1920px\" \/>\t\t\t\t\t<\/div>\n\t\t\t\t\t\t\t\t\t<\/div>\n\t\t\t<\/div>\n\t\t\t\t\t<\/li>\n\t\t<\/ul>\t\t\t\t<ol class=\"sow-slider-pagination\">\n\t\t\t\t\t\t\t\t\t\t\t<li><a href=\"#\" data-goto=\"0\" aria-label=\"Display slide 1\"><\/a><\/li>\n\t\t\t\t\t\t\t\t\t<\/ol>\n\n\t\t\t\t<div class=\"sow-slide-nav sow-slide-nav-next\">\n\t\t\t\t\t<a href=\"#\" data-goto=\"next\" aria-label=\"Next slide\" data-action=\"next\">\n\t\t\t\t\t\t<em class=\"sow-sld-icon-thick-rounded-right\"><\/em>\n\t\t\t\t\t<\/a>\n\t\t\t\t<\/div>\n\n\t\t\t\t<div class=\"sow-slide-nav sow-slide-nav-prev\">\n\t\t\t\t\t<a href=\"#\" data-goto=\"previous\" aria-label=\"Previous slide\" data-action=\"prev\">\n\t\t\t\t\t\t<em class=\"sow-sld-icon-thick-rounded-left\"><\/em>\n\t\t\t\t\t<\/a>\n\t\t\t\t<\/div>\n\t\t\t\t<\/div><\/div><\/div><\/div><\/div><div id=\"pg-781-1\"  class=\"panel-grid panel-no-style\" ><div id=\"pgc-781-1-0\"  class=\"panel-grid-cell panel-grid-cell-empty\" ><\/div><div id=\"pgc-781-1-1\"  class=\"panel-grid-cell panel-grid-cell-mobile-last\" ><div id=\"panel-781-1-1-0\" class=\"so-panel widget widget_sow-video panel-first-child panel-last-child\" data-index=\"2\" ><div\n\t\t\t\n\t\t\tclass=\"so-widget-sow-video so-widget-sow-video-default-c08170c47cfb-781\"\n\t\t\t\n\t\t>\n<div class=\"sow-video-wrapper\n\">\n\t\t\t<iframe loading=\"lazy\" title=\"Lesko RLS G Sheeting \/ Die cutting [Lesko Engineering]\" width=\"980\" height=\"551\" src=\"https:\/\/www.youtube.com\/embed\/1ixdMQlrcCU?feature=oembed&enablejsapi=1\" frameborder=\"0\" allow=\"accelerometer; autoplay; clipboard-write; encrypted-media; gyroscope; picture-in-picture; web-share\" referrerpolicy=\"strict-origin-when-cross-origin\" allowfullscreen allowfullscreen mozallowfullscreen webkitallowfullscreen sandbox=\"allow-scripts allow-same-origin allow-presentation\"><\/iframe>\t<\/div>\n<\/div><\/div><\/div><div id=\"pgc-781-1-2\"  class=\"panel-grid-cell panel-grid-cell-empty\" ><\/div><\/div><div id=\"pg-781-2\"  class=\"panel-grid panel-no-style\" ><div id=\"pgc-781-2-0\"  class=\"panel-grid-cell\" ><div id=\"panel-781-2-0-0\" class=\"so-panel widget widget_sow-editor panel-first-child panel-last-child\" data-index=\"3\" ><div\n\t\t\t\n\t\t\tclass=\"so-widget-sow-editor so-widget-sow-editor-base\"\n\t\t\t\n\t\t><h3 class=\"widget-title\">FEATURES AND OPTIONS:<\/h3>\n<div class=\"siteorigin-widget-tinymce textwidget\">\n\t<h4 style=\"text-align: left;\"><span style=\"color: #005eb8;\"><strong><u>TECHNICAL DATA:<\/u><\/strong><\/span><\/h4>\n<ul style=\"text-align: left;\">\n<li>max. web width \u00a0 \u00a0 \u00a0 \u00a0 \u00a0 \u00a0 \u00a0 \u00a0 \u00a0 \u00a0 \u00a0 \u00a0 \u00a0 \u00a0 \u00a0 \u00a0 \u00a0 \u00a0 \u00a0 \u00a0 \u00a0 \u00a0 \u00a0 \u00a0 \u00a0 \u00a0 \u00a0 \u00a0 \u00a0 \u00a0 \u00a0 \u00a0 \u00a0 280 mm<\/li>\n<li>max. speed \u00a0 \u00a0 \u00a0 \u00a0 \u00a0 \u00a0 \u00a0 \u00a0 \u00a0 \u00a0 \u00a0 \u00a0 \u00a0 \u00a0 \u00a0 \u00a0 \u00a0 \u00a0 \u00a0 \u00a0 \u00a0 \u00a0 \u00a0 \u00a0 \u00a0 \u00a0 \u00a0 \u00a0 \u00a0 \u00a0 \u00a0 \u00a0 \u00a0 \u00a0 \u00a0 \u00a0 \u00a0 \u00a0220 m\/min<\/li>\n<li>max. unwinding diameter \u00a0 \u00a0 \u00a0 \u00a0 \u00a0 \u00a0 \u00a0 \u00a0 \u00a0 \u00a0 \u00a0 \u00a0 \u00a0 \u00a0 \u00a0 \u00a0 \u00a0 \u00a0 \u00a0 \u00a0 \u00a0 \u00a0 \u00a0 \u00a0 750 mm<\/li>\n<li>max.\u00a0rewinding diameter\u00a0 \u00a0 \u00a0 \u00a0 \u00a0 \u00a0 \u00a0 \u00a0 \u00a0 \u00a0 \u00a0 \u00a0 \u00a0 \u00a0 \u00a0 \u00a0 \u00a0 \u00a0 \u00a0 \u00a0 \u00a0 \u00a0 \u00a0 \u00a0 \u00a0 up to \u00d8\u00a0 600 mm<\/li>\n<\/ul>\n<h5 style=\"text-align: left;\"><span style=\"color: #005eb8;\"><strong><u>control:<\/u><\/strong><\/span><\/h5>\n<ul style=\"text-align: left;\">\n<li>microprocessor control<\/li>\n<li>control panel with\u00a0touchscreen<\/li>\n<\/ul>\n<h5 style=\"text-align: left;\"><span style=\"color: #005eb8;\"><strong><u>motors:<\/u><\/strong><\/span><\/h5>\n<ul style=\"text-align: left;\">\n<li>powder brake on the unwinder<\/li>\n<li>AC motor - the main drive<\/li>\n<li>powder clutch on a rewinder<\/li>\n<\/ul>\n<h6 style=\"text-align: left;\"><span style=\"color: #005eb8;\">OPTIONAL:<\/span><\/h6>\n<ul style=\"text-align: left;\">\n<li>servo motor on rewinder:<\/li>\n<li>servo motor on rotary die cutting unit for off-line die cutting to register<\/li>\n<\/ul>\n<h5 style=\"text-align: left;\"><span style=\"color: #005eb8;\"><strong><u>sensors:<\/u><\/strong><\/span><\/h5>\n<ul style=\"text-align: left;\">\n<li>current meters\u00a0and labels\u00a0electronic counter \u00a0<\/li>\n<li>ultrasonic sensor of the roll's end with automatic slowdown and stop<\/li>\n<\/ul>\n<h6 style=\"text-align: left;\"><span style=\"color: #005eb8;\">OPTIONAL:\u00a0<\/span><\/h6>\n<ul style=\"text-align: left;\">\n<li>ultrasonic sensor for transparent labels<\/li>\n<li>sensor for detecting the flags \/ splices<\/li>\n<\/ul>\n<h4 style=\"text-align: left;\"><span style=\"color: #005eb8;\"><strong><u>UNWINDER:<\/u><\/strong><\/span><\/h4>\n<ul style=\"text-align: left;\">\n<li>max. roll\u00a0diameter \u00a0 \u00a0 \u00a0 \u00a0 \u00a0 \u00a0 \u00a0 \u00a0 \u00a0 \u00a0 \u00a0 \u00a0 \u00a0\u00a0750 mm<\/li>\n<li>max. lifting capacity \u00a0 \u00a0 \u00a0 \u00a0 \u00a0 \u00a0 \u00a0 \u00a0 \u00a0 \u00a0 \u00a0 \u00a0120 kg<\/li>\n<li>pneumatic\u00a0shaft\u00a0 \u00a0 \u00a0 \u00a0 \u00a0 \u00a0 \u00a0 \u00a0 \u00a0 \u00a0 \u00a0 \u00a0 \u00a0 \u00a0 \u00a0 \u00a0\u00d8 76 mm<\/li>\n<li>driven by electromagnetic powder brake<\/li>\n<\/ul>\n<h4 style=\"text-align: left;\"><span style=\"color: #005eb8;\"><strong><u>SPLICE TABLE:<\/u><\/strong><\/span><\/h4>\n<ul style=\"text-align: left;\">\n<li>equipped with pneumatic clamp\u00a0blocks, thanks to which the tension of the material is retained during\u00a0webs connection<\/li>\n<\/ul>\n<h4 style=\"text-align: left;\"><span style=\"color: #005eb8;\"><strong><u>WEB GUIDE:<\/u><\/strong><\/span><\/h4>\n<ul>\n<li style=\"text-align: left;\">BST web guide system with smooth control and adjustment<\/li>\n<\/ul>\n<h4 style=\"text-align: left;\"><span style=\"color: #005eb8;\"><strong><u>ROTARY DIE CUTTING UNIT\u00a0WITH POSSIBILITY OF SHEETING:<\/u><\/strong><\/span><\/h4>\n<ul style=\"text-align: left;\">\n<li>max working width of cylinder \u00a0 \u00a0 \u00a0 \u00a0 \u00a0 \u00a0280 mm\u00a0<\/li>\n<li>max circumference of the cylinder \u00a0 \u00a0 \u00a0145T<\/li>\n<li>guillotine suitable for \u00a0 \u00a0 \u00a0 \u00a0 \u00a0 \u00a0 \u00a0 \u00a0 \u00a0 \u00a0 \u00a0 \u00a0 \u00a0 \u00a0 1\/8 \"and 1\/6\" (A4 sheets)<\/li>\n<\/ul>\n<h6 style=\"text-align: left;\"><span style=\"color: #005eb8;\">optional:<\/span><\/h6>\n<ul style=\"text-align: left;\">\n<li>hydraulic pressure control system of the magnetic roller<\/li>\n<li>adaptation to work off-line in register<\/li>\n<li>cuvette for receiving sheets or a small receiving table or a large sorting-receiving table<\/li>\n<\/ul>\n<h4 style=\"text-align: left;\"><span style=\"color: #005eb8;\"><strong><u>NIP-ROLL:<\/u><\/strong><\/span><\/h4>\n<ul>\n<li style=\"text-align: left;\">pneumatic clamp<\/li>\n<li style=\"text-align: left;\">easy replacement and cleaning of rubber roller<\/li>\n<\/ul>\n<h4 style=\"text-align: left;\"><span style=\"color: #005eb8;\"><strong><u>MATRIX WASTE REWINDER:<\/u><\/strong><\/span><\/h4>\n<ul style=\"text-align: left;\">\n<li>max. roll diameter \u00a0 \u00a0 \u00a0 \u00a0 \u00a0 \u00a0 \u00a0 \u00a0 \u00a0 \u00a0 \u00a0 \u00a0 \u00a0 500 mm<\/li>\n<li>mechanical \/ pneumatic spindle \u00a0\u00d8 76 mm<\/li>\n<\/ul>\n<h4 style=\"text-align: left;\"><span style=\"color: #005eb8;\"><strong><u>SHEAR CUTTING KNIVES UNIT:<\/u><\/strong><\/span><\/h4>\n<ul style=\"text-align: left;\">\n<li>knives for scissor system cutting\u00a0<\/li>\n<li>3 sets of knives + the possibility to\u00a0add following<\/li>\n<li>min. cutting width 10 mm<\/li>\n<\/ul>\n<h4 style=\"text-align: left;\"><span style=\"color: #005eb8;\"><strong><u>REWINDER:<\/u><\/strong><\/span><\/h4>\n<ul style=\"text-align: left;\">\n<li>max. winding diameter \u00a0 \u00a0 \u00a0 \u00a0 \u00a0 \u00a0 \u00a0 \u00d8 440 mm<\/li>\n<li>pneumatic expansion spindle \u00a0\u00a0\u00a0\u00d8 76mm<\/li>\n<li>electromagnetic (powder) clutch<\/li>\n<li>change the winding direction from the control panel<\/li>\n<\/ul>\n<h6 style=\"text-align: left;\"><span style=\"color: #005eb8;\">optional:<\/span><\/h6>\n<ul>\n<li>additional rewinder (max. winding diameter - \u00d8 310 mm)<\/li>\n<li>special rewinders system for rewinding rolls with diameters \u00d8 600 mm (servo motor)<\/li>\n<li>spindles with diameters from \u00d8 19 to \u00d8 76mm<\/li>\n<li>adapters for spindles with diameters from \u00d8 76 to \u00d8 152 mm<\/li>\n<li>semi-turret version of rewinders with the option of simultaneous wound on\u00a0two spindles<\/li>\n<\/ul>\n<h4 style=\"text-align: left;\"><span style=\"color: #005eb8;\"><strong><u>ADDITIONAL EQUIPMENT:<\/u><\/strong><\/span><\/h4>\n<ul>\n<li style=\"text-align: left;\">pneumatic clamp of the end of web controlled from the operator panel<\/li>\n<li style=\"text-align: left;\">single foot switch to control the machine: working at jog speed<\/li>\n<li style=\"text-align: left;\">dual foot switch to control the machine: working\u00a0at jog speed + switching on compressed air<\/li>\n<li style=\"text-align: left;\">razor blade knives unit:\n<ul>\n<li>5 knives + possibility to add following<\/li>\n<\/ul>\n<\/li>\n<\/ul>\n<ul>\n<li>\u00a0pneumatic crush cutting knives unit:\n<ul>\n<li>3 knives + possibility to add following<\/li>\n<li>at nip-roll place<\/li>\n<\/ul>\n<\/li>\n<li>\u00a0additional rewinder's expansion spindles:\n<ul>\n<li>diameters: \u00d8 25 mm, \u00d8 40 mm, \u00d8 50 mm, \u00d8 76 mm<\/li>\n<\/ul>\n<\/li>\n<li>\u00a0the side waste exhauster<\/li>\n<\/ul>\n<\/div>\n<\/div><\/div><\/div><div id=\"pgc-781-2-1\"  class=\"panel-grid-cell panel-grid-cell-empty\" ><\/div><div id=\"pgc-781-2-2\"  class=\"panel-grid-cell\" ><div id=\"panel-781-2-2-0\" class=\"so-panel widget widget_sow-editor panel-first-child\" data-index=\"4\" ><div\n\t\t\t\n\t\t\tclass=\"so-widget-sow-editor so-widget-sow-editor-base\"\n\t\t\t\n\t\t><h3 class=\"widget-title\">SEE ALSO:<\/h3>\n<div class=\"siteorigin-widget-tinymce textwidget\">\n\t<\/div>\n<\/div><\/div><div id=\"panel-781-2-2-1\" class=\"so-panel widget widget_sow-image\" data-index=\"5\" ><div\n\t\t\t\n\t\t\tclass=\"so-widget-sow-image so-widget-sow-image-default-a258e6bfa2d8-781\"\n\t\t\t\n\t\t><h3 class=\"widget-title\">LESKO RLS<\/h3>\n<div class=\"sow-image-container\">\n\t\t\t<a href=\"http:\/\/lesko-ing.com.pl\/eng\/rls-2\/\"\n\t\t\t\t\t>\n\t\t\t<img \n\tsrc=\"https:\/\/lesko-ing.com.pl\/eng\/wp-content\/uploads\/sites\/8\/2025\/09\/818-RLS-380-render-1024x576.jpg\" width=\"980\" height=\"551\" srcset=\"https:\/\/lesko-ing.com.pl\/eng\/wp-content\/uploads\/sites\/8\/2025\/09\/818-RLS-380-render-1024x576.jpg 1024w, https:\/\/lesko-ing.com.pl\/eng\/wp-content\/uploads\/sites\/8\/2025\/09\/818-RLS-380-render-300x169.jpg 300w, https:\/\/lesko-ing.com.pl\/eng\/wp-content\/uploads\/sites\/8\/2025\/09\/818-RLS-380-render-768x432.jpg 768w, https:\/\/lesko-ing.com.pl\/eng\/wp-content\/uploads\/sites\/8\/2025\/09\/818-RLS-380-render-1536x864.jpg 1536w, https:\/\/lesko-ing.com.pl\/eng\/wp-content\/uploads\/sites\/8\/2025\/09\/818-RLS-380-render-100x55.jpg 100w, https:\/\/lesko-ing.com.pl\/eng\/wp-content\/uploads\/sites\/8\/2025\/09\/818-RLS-380-render.jpg 1920w\" sizes=\"(max-width: 980px) 100vw, 980px\" title=\"LESKO RLS\" alt=\"\" \t\tclass=\"so-widget-image\"\/>\n\t\t\t<\/a><\/div>\n\n<\/div><\/div><div id=\"panel-781-2-2-2\" class=\"so-panel widget widget_sow-image\" data-index=\"6\" ><div\n\t\t\t\n\t\t\tclass=\"so-widget-sow-image so-widget-sow-image-default-a258e6bfa2d8-781\"\n\t\t\t\n\t\t><h3 class=\"widget-title\">LESKO RLS DIE<\/h3>\n<div class=\"sow-image-container\">\n\t\t\t<a href=\"http:\/\/lesko-ing.com.pl\/eng\/rls-die-4\/\"\n\t\t\t\t\t>\n\t\t\t<img \n\tsrc=\"https:\/\/lesko-ing.com.pl\/eng\/wp-content\/uploads\/sites\/8\/2025\/09\/848-RLS-380-DIE-render-1024x576.jpg\" width=\"980\" height=\"551\" srcset=\"https:\/\/lesko-ing.com.pl\/eng\/wp-content\/uploads\/sites\/8\/2025\/09\/848-RLS-380-DIE-render-1024x576.jpg 1024w, https:\/\/lesko-ing.com.pl\/eng\/wp-content\/uploads\/sites\/8\/2025\/09\/848-RLS-380-DIE-render-300x169.jpg 300w, https:\/\/lesko-ing.com.pl\/eng\/wp-content\/uploads\/sites\/8\/2025\/09\/848-RLS-380-DIE-render-768x432.jpg 768w, https:\/\/lesko-ing.com.pl\/eng\/wp-content\/uploads\/sites\/8\/2025\/09\/848-RLS-380-DIE-render-1536x864.jpg 1536w, https:\/\/lesko-ing.com.pl\/eng\/wp-content\/uploads\/sites\/8\/2025\/09\/848-RLS-380-DIE-render-100x55.jpg 100w, https:\/\/lesko-ing.com.pl\/eng\/wp-content\/uploads\/sites\/8\/2025\/09\/848-RLS-380-DIE-render.jpg 1920w\" sizes=\"(max-width: 980px) 100vw, 980px\" title=\"LESKO RLS DIE\" alt=\"\" \t\tclass=\"so-widget-image\"\/>\n\t\t\t<\/a><\/div>\n\n<\/div><\/div><div id=\"panel-781-2-2-3\" class=\"so-panel widget widget_sow-image\" data-index=\"7\" ><div\n\t\t\t\n\t\t\tclass=\"so-widget-sow-image so-widget-sow-image-default-a258e6bfa2d8-781\"\n\t\t\t\n\t\t><h3 class=\"widget-title\">LESKO CF380<\/h3>\n<div class=\"sow-image-container\">\n\t\t\t<a href=\"http:\/\/lesko-ing.com.pl\/eng\/cf380\/\"\n\t\t\t\t\t>\n\t\t\t<img \n\tsrc=\"https:\/\/lesko-ing.com.pl\/eng\/wp-content\/uploads\/sites\/8\/2025\/09\/859-CF-380-render-1024x576.jpg\" width=\"980\" height=\"551\" srcset=\"https:\/\/lesko-ing.com.pl\/eng\/wp-content\/uploads\/sites\/8\/2025\/09\/859-CF-380-render-1024x576.jpg 1024w, https:\/\/lesko-ing.com.pl\/eng\/wp-content\/uploads\/sites\/8\/2025\/09\/859-CF-380-render-300x169.jpg 300w, https:\/\/lesko-ing.com.pl\/eng\/wp-content\/uploads\/sites\/8\/2025\/09\/859-CF-380-render-768x432.jpg 768w, https:\/\/lesko-ing.com.pl\/eng\/wp-content\/uploads\/sites\/8\/2025\/09\/859-CF-380-render-1536x864.jpg 1536w, https:\/\/lesko-ing.com.pl\/eng\/wp-content\/uploads\/sites\/8\/2025\/09\/859-CF-380-render-100x55.jpg 100w, https:\/\/lesko-ing.com.pl\/eng\/wp-content\/uploads\/sites\/8\/2025\/09\/859-CF-380-render.jpg 1920w\" sizes=\"(max-width: 980px) 100vw, 980px\" title=\"LESKO CF380\" alt=\"\" \t\tclass=\"so-widget-image\"\/>\n\t\t\t<\/a><\/div>\n\n<\/div><\/div><div id=\"panel-781-2-2-4\" class=\"so-panel widget widget_sow-image\" data-index=\"8\" ><div\n\t\t\t\n\t\t\tclass=\"so-widget-sow-image so-widget-sow-image-default-a258e6bfa2d8-781\"\n\t\t\t\n\t\t><h3 class=\"widget-title\">LESKO RLS280PRN<\/h3>\n<div class=\"sow-image-container\">\n\t\t\t<a href=\"http:\/\/lesko-ing.com.pl\/eng\/rls-prn-3\/\"\n\t\t\t\t\t>\n\t\t\t<img \n\tsrc=\"https:\/\/lesko-ing.com.pl\/eng\/wp-content\/uploads\/sites\/8\/2025\/09\/794-RLS-280-PRN-RENDER-1024x576.jpg\" width=\"980\" height=\"551\" srcset=\"https:\/\/lesko-ing.com.pl\/eng\/wp-content\/uploads\/sites\/8\/2025\/09\/794-RLS-280-PRN-RENDER-1024x576.jpg 1024w, https:\/\/lesko-ing.com.pl\/eng\/wp-content\/uploads\/sites\/8\/2025\/09\/794-RLS-280-PRN-RENDER-300x169.jpg 300w, https:\/\/lesko-ing.com.pl\/eng\/wp-content\/uploads\/sites\/8\/2025\/09\/794-RLS-280-PRN-RENDER-768x432.jpg 768w, https:\/\/lesko-ing.com.pl\/eng\/wp-content\/uploads\/sites\/8\/2025\/09\/794-RLS-280-PRN-RENDER-1536x864.jpg 1536w, https:\/\/lesko-ing.com.pl\/eng\/wp-content\/uploads\/sites\/8\/2025\/09\/794-RLS-280-PRN-RENDER-100x55.jpg 100w, https:\/\/lesko-ing.com.pl\/eng\/wp-content\/uploads\/sites\/8\/2025\/09\/794-RLS-280-PRN-RENDER.jpg 1920w\" sizes=\"(max-width: 980px) 100vw, 980px\" title=\"LESKO RLS280PRN\" alt=\"\" \t\tclass=\"so-widget-image\"\/>\n\t\t\t<\/a><\/div>\n\n<\/div><\/div><div id=\"panel-781-2-2-5\" class=\"so-panel widget widget_sow-image panel-last-child\" data-index=\"9\" ><div\n\t\t\t\n\t\t\tclass=\"so-widget-sow-image so-widget-sow-image-default-a258e6bfa2d8-781\"\n\t\t\t\n\t\t><h3 class=\"widget-title\">Roll lifters<\/h3>\n<div class=\"sow-image-container\">\n\t\t\t<a href=\"http:\/\/lesko-ing.com.pl\/eng\/wozki\/\"\n\t\t\t\t\t>\n\t\t\t<img \n\tsrc=\"https:\/\/lesko-ing.com.pl\/eng\/wp-content\/uploads\/sites\/8\/2016\/06\/IMG_3725.jpg\" width=\"360\" height=\"480\" srcset=\"https:\/\/lesko-ing.com.pl\/eng\/wp-content\/uploads\/sites\/8\/2016\/06\/IMG_3725.jpg 360w, https:\/\/lesko-ing.com.pl\/eng\/wp-content\/uploads\/sites\/8\/2016\/06\/IMG_3725-225x300.jpg 225w\" sizes=\"(max-width: 360px) 100vw, 360px\" title=\"Roll lifters\" alt=\"\" \t\tclass=\"so-widget-image\"\/>\n\t\t\t<\/a><\/div>\n\n<\/div><\/div><\/div><\/div><div id=\"pg-781-3\"  class=\"panel-grid panel-no-style\" ><div id=\"pgc-781-3-0\"  class=\"panel-grid-cell\" ><div id=\"panel-781-3-0-0\" class=\"so-panel widget widget_sow-button panel-first-child panel-last-child\" data-index=\"10\" ><div\n\t\t\t\n\t\t\tclass=\"so-widget-sow-button so-widget-sow-button-wire-bd9b68bc52d9-781\"\n\t\t\t\n\t\t><div class=\"ow-button-base ow-button-align-center\"\n>\n\t\t\t<a\n\t\t\t\t\thref=\"http:\/\/lesko-ing.com.pl\/eng\/produkty\/\"\n\t\t\t\t\tclass=\"sowb-button ow-icon-placement-left ow-button-hover\" \t>\n\t\t<span>\n\t\t\t\n\t\t\tBACK TO ALL MACHINES\t\t<\/span>\n\t\t\t<\/a>\n\t<\/div>\n<\/div><\/div><\/div><div id=\"pgc-781-3-1\"  class=\"panel-grid-cell\" ><div id=\"panel-781-3-1-0\" class=\"so-panel widget widget_sow-button panel-first-child panel-last-child\" data-index=\"11\" ><div\n\t\t\t\n\t\t\tclass=\"so-widget-sow-button so-widget-sow-button-wire-bd9b68bc52d9-781\"\n\t\t\t\n\t\t><div class=\"ow-button-base ow-button-align-center\"\n>\n\t\t\t<a\n\t\t\t\t\thref=\"http:\/\/lesko-ing.com.pl\/eng\/co-mozemy-zrobic-dla-ciebie\/\"\n\t\t\t\t\tclass=\"sowb-button ow-icon-placement-left ow-button-hover\" \t>\n\t\t<span>\n\t\t\t<span class=\"sow-icon-fontawesome sow-fas\" data-sow-icon=\"&#xf0e0;\"\n\t\tstyle=\"\" \n\t\taria-hidden=\"true\"><\/span>\n\t\t\tASK ABOUT THE PRODUCT\t\t<\/span>\n\t\t\t<\/a>\n\t<\/div>\n<\/div><\/div><\/div><\/div><\/div>","protected":false},"excerpt":{"rendered":"<p>LESKO RLS280G \u00a0 LESKO RLS280G is the ideal solution for customers who expect\u00a0from the machine high functionality and versatility. One compact machine offers you\u00a0opportunity to do: rewinding die cutting sheeting The rotary die cutting unit can also be adapted to work in register.<\/p>\n","protected":false},"author":1,"featured_media":0,"parent":0,"menu_order":0,"comment_status":"closed","ping_status":"closed","template":"","meta":{"footnotes":""},"class_list":["post-781","page","type-page","status-publish","hentry"],"aioseo_notices":[],"_links":{"self":[{"href":"https:\/\/lesko-ing.com.pl\/eng\/wp-json\/wp\/v2\/pages\/781","targetHints":{"allow":["GET"]}}],"collection":[{"href":"https:\/\/lesko-ing.com.pl\/eng\/wp-json\/wp\/v2\/pages"}],"about":[{"href":"https:\/\/lesko-ing.com.pl\/eng\/wp-json\/wp\/v2\/types\/page"}],"author":[{"embeddable":true,"href":"https:\/\/lesko-ing.com.pl\/eng\/wp-json\/wp\/v2\/users\/1"}],"replies":[{"embeddable":true,"href":"https:\/\/lesko-ing.com.pl\/eng\/wp-json\/wp\/v2\/comments?post=781"}],"version-history":[{"count":20,"href":"https:\/\/lesko-ing.com.pl\/eng\/wp-json\/wp\/v2\/pages\/781\/revisions"}],"predecessor-version":[{"id":2036,"href":"https:\/\/lesko-ing.com.pl\/eng\/wp-json\/wp\/v2\/pages\/781\/revisions\/2036"}],"wp:attachment":[{"href":"https:\/\/lesko-ing.com.pl\/eng\/wp-json\/wp\/v2\/media?parent=781"}],"curies":[{"name":"wp","href":"https:\/\/api.w.org\/{rel}","templated":true}]}}