{"id":350,"date":"2016-04-11T02:48:10","date_gmt":"2016-04-11T00:48:10","guid":{"rendered":"http:\/\/borkowska.c0.pl\/?page_id=350"},"modified":"2016-07-12T11:37:54","modified_gmt":"2016-07-12T09:37:54","slug":"aktualnosci","status":"publish","type":"page","link":"https:\/\/lesko-ing.com.pl\/eng\/aktualnosci\/","title":{"rendered":"News"},"content":{"rendered":"<div id=\"pl-350\"  class=\"panel-layout\" ><div id=\"pg-350-0\"  class=\"panel-grid panel-no-style\" ><div id=\"pgc-350-0-0\"  class=\"panel-grid-cell\" >\r\n        <div class=\"page-section page-blog\" style=\"background-color: #f2f4f5; padding: 0px 0!important;\">\r\n             <div id=\"panel-350-0-0-0\" class=\"so-panel widget widget_maskitto_blog panel-first-child panel-last-child\" data-index=\"0\" >\r\n            <div class=\"container\" style=\"max-width: 980px; padding: 70px 0!important;\">\r\n\r\n                <div class=\"section-title text-center\">\r\n                                                                            <\/div>\r\n\r\n                <div class=\"row blog-list\">\r\n                                            \r\n\r\n    <article id=\"post-1977\" class=\"col-md-4 blog-item post-1977 post type-post status-publish format-standard hentry category-bez-kategorii\">\r\n        <div class=\"blog-item-container\">\r\n\r\n            <div class=\"blog-top\">\r\n                <a href=\"https:\/\/lesko-ing.com.pl\/eng\/2025\/08\/20\/come-and-visit-our-booth-at-label-expo-2025\/\" class=\"blog-title\">\r\n                    Come and visit our booth at Label Expo 2025                                    <\/a>\r\n                <div class=\"blog-details\">\r\n                    <span>2025-08-20<\/span>\r\n                    <span class=\"post-author-name\">By Piotr St\u0119pie\u0144<\/span>\r\n                <\/div>\r\n            <\/div>\r\n\r\n                       \r\n            <div class=\"blog-bottom\">\r\n                <div class=\"blog-content\">\r\n                                                                        <a href=\"https:\/\/lesko-ing.com.pl\/eng\/category\/bez-kategorii\/\" class=\"blog-category blog-category-right\">Other<\/a>\r\n                                                                <p>Booth 4F64<\/p>\n                <\/div>\r\n                <div class=\"row\">\r\n                    <div class=\"col-md-6\">\r\n                        <a href=\"https:\/\/lesko-ing.com.pl\/eng\/2025\/08\/20\/come-and-visit-our-booth-at-label-expo-2025\/\" class=\"blog-more\">\r\n                            <i class=\"fa fa-angle-right\"><\/i>\r\n                            Read more                        <\/a>\r\n                    <\/div>\r\n                    <div class=\"col-md-6 text-right blog-comments-count\">\r\n                        <a href=\"https:\/\/lesko-ing.com.pl\/eng\/2025\/08\/20\/come-and-visit-our-booth-at-label-expo-2025\/#respond\"><i class=\"fa fa-comment-o\"><\/i> | 0<\/a>\r\n                    <\/div>\r\n                <\/div>\r\n            <\/div>\r\n\r\n        <\/div>\r\n    <\/article>\r\n\r\n                                            \r\n\r\n    <article id=\"post-1972\" class=\"col-md-4 blog-item post-1972 post type-post status-publish format-standard hentry category-bez-kategorii\">\r\n        <div class=\"blog-item-container\">\r\n\r\n            <div class=\"blog-top\">\r\n                <a href=\"https:\/\/lesko-ing.com.pl\/eng\/2025\/07\/24\/1972\/\" class=\"blog-title\">\r\n                                                        <\/a>\r\n                <div class=\"blog-details\">\r\n                    <span>2025-07-24<\/span>\r\n                    <span class=\"post-author-name\">By Piotr St\u0119pie\u0144<\/span>\r\n                <\/div>\r\n            <\/div>\r\n\r\n                       \r\n            <div class=\"blog-bottom\">\r\n                <div class=\"blog-content\">\r\n                                                                        <a href=\"https:\/\/lesko-ing.com.pl\/eng\/category\/bez-kategorii\/\" class=\"blog-category blog-category-right\">Other<\/a>\r\n                                                                <p>We\u2019re pleased to announce that Lesko Engineering will be present at Labelexpo Europe 2025, the premier global event for the label and package printing industry, taking place September 16\u201319 at Fira Barcelona Gran Via. Join us at booth 4F64, where we\u2019ll showcase global premieres of our latest technological innovations. It\u2019s a perfect opportunity to discover Lesko\u2019s innovations, meet [&hellip;]<\/p>\n                <\/div>\r\n                <div class=\"row\">\r\n                    <div class=\"col-md-6\">\r\n                        <a href=\"https:\/\/lesko-ing.com.pl\/eng\/2025\/07\/24\/1972\/\" class=\"blog-more\">\r\n                            <i class=\"fa fa-angle-right\"><\/i>\r\n                            Read more                        <\/a>\r\n                    <\/div>\r\n                    <div class=\"col-md-6 text-right blog-comments-count\">\r\n                        <a href=\"https:\/\/lesko-ing.com.pl\/eng\/2025\/07\/24\/1972\/#respond\"><i class=\"fa fa-comment-o\"><\/i> | 0<\/a>\r\n                    <\/div>\r\n                <\/div>\r\n            <\/div>\r\n\r\n        <\/div>\r\n    <\/article>\r\n\r\n                                            \r\n\r\n    <article id=\"post-1939\" class=\"col-md-4 blog-item post-1939 post type-post status-publish format-standard hentry category-bez-kategorii\">\r\n        <div class=\"blog-item-container\">\r\n\r\n            <div class=\"blog-top\">\r\n                <a href=\"https:\/\/lesko-ing.com.pl\/eng\/2024\/05\/23\/the-global-sales-network-of-lesko-engineering-solutions-is-still-developing\/\" class=\"blog-title\">\r\n                    The global sales network of Lesko Engineering solutions is still developing                                    <\/a>\r\n                <div class=\"blog-details\">\r\n                    <span>2024-05-23<\/span>\r\n                    <span class=\"post-author-name\">By Piotr St\u0119pie\u0144<\/span>\r\n                <\/div>\r\n            <\/div>\r\n\r\n                       \r\n            <div class=\"blog-bottom\">\r\n                <div class=\"blog-content\">\r\n                                                                        <a href=\"https:\/\/lesko-ing.com.pl\/eng\/category\/bez-kategorii\/\" class=\"blog-category blog-category-right\">Other<\/a>\r\n                                                                <p>Our global sales network is changing. We are pleased to announce that new representatives have joined our proven and long-term partners. India: Keyway Sales Enterprises and Mr. Bhupesh Tilvani will be responsible for the promotion, sales and service of our customers in India. We are also developing a sales network in Europe. Mr. George Ciobanu (Maxcess South East [&hellip;]<\/p>\n                <\/div>\r\n                <div class=\"row\">\r\n                    <div class=\"col-md-6\">\r\n                        <a href=\"https:\/\/lesko-ing.com.pl\/eng\/2024\/05\/23\/the-global-sales-network-of-lesko-engineering-solutions-is-still-developing\/\" class=\"blog-more\">\r\n                            <i class=\"fa fa-angle-right\"><\/i>\r\n                            Read more                        <\/a>\r\n                    <\/div>\r\n                    <div class=\"col-md-6 text-right blog-comments-count\">\r\n                        <a href=\"https:\/\/lesko-ing.com.pl\/eng\/2024\/05\/23\/the-global-sales-network-of-lesko-engineering-solutions-is-still-developing\/#respond\"><i class=\"fa fa-comment-o\"><\/i> | 0<\/a>\r\n                    <\/div>\r\n                <\/div>\r\n            <\/div>\r\n\r\n        <\/div>\r\n    <\/article>\r\n\r\n                                            \r\n\r\n    <article id=\"post-1925\" class=\"col-md-4 blog-item post-1925 post type-post status-publish format-standard hentry category-bez-kategorii\">\r\n        <div class=\"blog-item-container\">\r\n\r\n            <div class=\"blog-top\">\r\n                <a href=\"https:\/\/lesko-ing.com.pl\/eng\/2023\/08\/07\/1925\/\" class=\"blog-title\">\r\n                    Lesko Engineering at Labelexpo Europe 2023                                    <\/a>\r\n                <div class=\"blog-details\">\r\n                    <span>2023-08-07<\/span>\r\n                    <span class=\"post-author-name\">By Piotr St\u0119pie\u0144<\/span>\r\n                <\/div>\r\n            <\/div>\r\n\r\n                       \r\n            <div class=\"blog-bottom\">\r\n                <div class=\"blog-content\">\r\n                                                                        <a href=\"https:\/\/lesko-ing.com.pl\/eng\/category\/bez-kategorii\/\" class=\"blog-category blog-category-right\">Other<\/a>\r\n                                                                <p>Lesko Engineering together with our long-term partner Rietstack B.V. will attend this year&#8217;s LabelExpo Europe on September 11-14 in Brussels. We invite you to visit us at booth 11A47.<\/p>\n                <\/div>\r\n                <div class=\"row\">\r\n                    <div class=\"col-md-6\">\r\n                        <a href=\"https:\/\/lesko-ing.com.pl\/eng\/2023\/08\/07\/1925\/\" class=\"blog-more\">\r\n                            <i class=\"fa fa-angle-right\"><\/i>\r\n                            Read more                        <\/a>\r\n                    <\/div>\r\n                    <div class=\"col-md-6 text-right blog-comments-count\">\r\n                        <a href=\"https:\/\/lesko-ing.com.pl\/eng\/2023\/08\/07\/1925\/#respond\"><i class=\"fa fa-comment-o\"><\/i> | 0<\/a>\r\n                    <\/div>\r\n                <\/div>\r\n            <\/div>\r\n\r\n        <\/div>\r\n    <\/article>\r\n\r\n                                            \r\n\r\n    <article id=\"post-1680\" class=\"col-md-4 blog-item post-1680 post type-post status-publish format-standard hentry category-bez-kategorii\">\r\n        <div class=\"blog-item-container\">\r\n\r\n            <div class=\"blog-top\">\r\n                <a href=\"https:\/\/lesko-ing.com.pl\/eng\/2017\/09\/25\/lesko-engineering-at-labelexpo-europe-2017\/\" class=\"blog-title\">\r\n                    Lesko Engineering at Labelexpo Europe 2017                                    <\/a>\r\n                <div class=\"blog-details\">\r\n                    <span>2017-09-25<\/span>\r\n                    <span class=\"post-author-name\">By Administrator<\/span>\r\n                <\/div>\r\n            <\/div>\r\n\r\n                       \r\n            <div class=\"blog-bottom\">\r\n                <div class=\"blog-content\">\r\n                                                                        <a href=\"https:\/\/lesko-ing.com.pl\/eng\/category\/bez-kategorii\/\" class=\"blog-category blog-category-right\">Other<\/a>\r\n                                                                <p>We would like to annouce that we&#8217;ve just started exhibiting today on Labelexpo Europe 2017 in Brussels! We would like to invite\u00a0all visitors to visit our stand A43 on hall 11. We prepared also the live streaming for all of you who cannot attend the show and who would like to see our stand. Enjoy! YouTube Stream<\/p>\n                <\/div>\r\n                <div class=\"row\">\r\n                    <div class=\"col-md-6\">\r\n                        <a href=\"https:\/\/lesko-ing.com.pl\/eng\/2017\/09\/25\/lesko-engineering-at-labelexpo-europe-2017\/\" class=\"blog-more\">\r\n                            <i class=\"fa fa-angle-right\"><\/i>\r\n                            Read more                        <\/a>\r\n                    <\/div>\r\n                    <div class=\"col-md-6 text-right blog-comments-count\">\r\n                        <a href=\"https:\/\/lesko-ing.com.pl\/eng\/2017\/09\/25\/lesko-engineering-at-labelexpo-europe-2017\/#respond\"><i class=\"fa fa-comment-o\"><\/i> | 0<\/a>\r\n                    <\/div>\r\n                <\/div>\r\n            <\/div>\r\n\r\n        <\/div>\r\n    <\/article>\r\n\r\n                                            \r\n\r\n    <article id=\"post-1296\" class=\"col-md-4 blog-item post-1296 post type-post status-publish format-standard hentry category-bez-kategorii\">\r\n        <div class=\"blog-item-container\">\r\n\r\n            <div class=\"blog-top\">\r\n                <a href=\"https:\/\/lesko-ing.com.pl\/eng\/2016\/06\/17\/lesko-engineering-nominowane-do-tytulu-symbol-2016\/\" class=\"blog-title\">\r\n                    Lesko Engineering nominated for the title Symbol 2016                                    <\/a>\r\n                <div class=\"blog-details\">\r\n                    <span>2016-06-17<\/span>\r\n                    <span class=\"post-author-name\">By Administrator<\/span>\r\n                <\/div>\r\n            <\/div>\r\n\r\n                       \r\n            <div class=\"blog-bottom\">\r\n                <div class=\"blog-content\">\r\n                                                                        <a href=\"https:\/\/lesko-ing.com.pl\/eng\/category\/bez-kategorii\/\" class=\"blog-category blog-category-right\">Other<\/a>\r\n                                                                <p>We are pleased to inform you that our company, due to the innovative nature, has been nominated for the title\u00a0Symbol 2016. More information about the competition and our company can be found in an article from Monitor Biznesu. Read about us in the Monitor Biznesu<\/p>\n                <\/div>\r\n                <div class=\"row\">\r\n                    <div class=\"col-md-6\">\r\n                        <a href=\"https:\/\/lesko-ing.com.pl\/eng\/2016\/06\/17\/lesko-engineering-nominowane-do-tytulu-symbol-2016\/\" class=\"blog-more\">\r\n                            <i class=\"fa fa-angle-right\"><\/i>\r\n                            Read more                        <\/a>\r\n                    <\/div>\r\n                    <div class=\"col-md-6 text-right blog-comments-count\">\r\n                        <a href=\"https:\/\/lesko-ing.com.pl\/eng\/2016\/06\/17\/lesko-engineering-nominowane-do-tytulu-symbol-2016\/#respond\"><i class=\"fa fa-comment-o\"><\/i> | 0<\/a>\r\n                    <\/div>\r\n                <\/div>\r\n            <\/div>\r\n\r\n        <\/div>\r\n    <\/article>\r\n\r\n                                            \r\n\r\n    <article id=\"post-1311\" class=\"col-md-4 blog-item post-1311 post type-post status-publish format-standard hentry category-bez-kategorii\">\r\n        <div class=\"blog-item-container\">\r\n\r\n            <div class=\"blog-top\">\r\n                <a href=\"https:\/\/lesko-ing.com.pl\/eng\/2016\/01\/20\/strategiczne-zmiany-w-globalnej-sprzedazy-lesko-engineering\/\" class=\"blog-title\">\r\n                    Strategic Changes in Global Sales                                    <\/a>\r\n                <div class=\"blog-details\">\r\n                    <span>2016-01-20<\/span>\r\n                    <span class=\"post-author-name\">By Administrator<\/span>\r\n                <\/div>\r\n            <\/div>\r\n\r\n                       \r\n            <div class=\"blog-bottom\">\r\n                <div class=\"blog-content\">\r\n                                                                        <a href=\"https:\/\/lesko-ing.com.pl\/eng\/category\/bez-kategorii\/\" class=\"blog-category blog-category-right\">Other<\/a>\r\n                                                                <p>Since this year our\u00a0machines are\u00a0available even simpler! More information here<\/p>\n                <\/div>\r\n                <div class=\"row\">\r\n                    <div class=\"col-md-6\">\r\n                        <a href=\"https:\/\/lesko-ing.com.pl\/eng\/2016\/01\/20\/strategiczne-zmiany-w-globalnej-sprzedazy-lesko-engineering\/\" class=\"blog-more\">\r\n                            <i class=\"fa fa-angle-right\"><\/i>\r\n                            Read more                        <\/a>\r\n                    <\/div>\r\n                    <div class=\"col-md-6 text-right blog-comments-count\">\r\n                        <a href=\"https:\/\/lesko-ing.com.pl\/eng\/2016\/01\/20\/strategiczne-zmiany-w-globalnej-sprzedazy-lesko-engineering\/#respond\"><i class=\"fa fa-comment-o\"><\/i> | 0<\/a>\r\n                    <\/div>\r\n                <\/div>\r\n            <\/div>\r\n\r\n        <\/div>\r\n    <\/article>\r\n\r\n                                            \r\n\r\n    <article id=\"post-1309\" class=\"col-md-4 blog-item post-1309 post type-post status-publish format-standard hentry category-bez-kategorii\">\r\n        <div class=\"blog-item-container\">\r\n\r\n            <div class=\"blog-top\">\r\n                <a href=\"https:\/\/lesko-ing.com.pl\/eng\/2016\/01\/12\/pomysl-budowy-maszyny-do-przemyslowego-druku-elektroniki-rekomendowany-do-dofinansowania-ze-srodkow-ue\/\" class=\"blog-title\">\r\n                    The idea of building a machine for the industrial printing of electronics recommended for financing from EU fund                                    <\/a>\r\n                <div class=\"blog-details\">\r\n                    <span>2016-01-12<\/span>\r\n                    <span class=\"post-author-name\">By Administrator<\/span>\r\n                <\/div>\r\n            <\/div>\r\n\r\n                       \r\n            <div class=\"blog-bottom\">\r\n                <div class=\"blog-content\">\r\n                                                                        <a href=\"https:\/\/lesko-ing.com.pl\/eng\/category\/bez-kategorii\/\" class=\"blog-category blog-category-right\">Other<\/a>\r\n                                                                <p>The request for co-financing the project: &#8220;Development of a world-scale innovative prototype for an industrial printing of electronic components in different\u00a0printing technologies&#8221; has been recommended for funding. Full ranking list available here<\/p>\n                <\/div>\r\n                <div class=\"row\">\r\n                    <div class=\"col-md-6\">\r\n                        <a href=\"https:\/\/lesko-ing.com.pl\/eng\/2016\/01\/12\/pomysl-budowy-maszyny-do-przemyslowego-druku-elektroniki-rekomendowany-do-dofinansowania-ze-srodkow-ue\/\" class=\"blog-more\">\r\n                            <i class=\"fa fa-angle-right\"><\/i>\r\n                            Read more                        <\/a>\r\n                    <\/div>\r\n                    <div class=\"col-md-6 text-right blog-comments-count\">\r\n                        <a href=\"https:\/\/lesko-ing.com.pl\/eng\/2016\/01\/12\/pomysl-budowy-maszyny-do-przemyslowego-druku-elektroniki-rekomendowany-do-dofinansowania-ze-srodkow-ue\/#respond\"><i class=\"fa fa-comment-o\"><\/i> | 0<\/a>\r\n                    <\/div>\r\n                <\/div>\r\n            <\/div>\r\n\r\n        <\/div>\r\n    <\/article>\r\n\r\n                                    <\/div>\r\n\r\n                \r\n            <\/div>\r\n\r\n            <\/div>        <\/div>\r\n    <\/div><\/div><\/div>","protected":false},"excerpt":{"rendered":"<p>Lesko Engineering nominowane do tytu\u0142u Symbol 2016 edit 17 czerwca 2016 By ADmin Bez kategoriiMi\u0142o nam poinformowa\u0107, \u017ce nasza firma, ze wzgl\u0119du na innowacyjny charakter, zosta\u0142a nominowana do tytu\u0142u Symbol 2016. Wi\u0119cej informacji o konkursie oraz naszej firmie znajdziecie Pa\u0144stwo w artykule Monitora Biznesu. Przeczytaj o nas w Monitorze Biznesu Read more | 0 Strategiczne zmiany w globalnej [&hellip;]<\/p>\n","protected":false},"author":1,"featured_media":0,"parent":0,"menu_order":0,"comment_status":"closed","ping_status":"closed","template":"","meta":{"footnotes":""},"class_list":["post-350","page","type-page","status-publish","hentry"],"aioseo_notices":[],"_links":{"self":[{"href":"https:\/\/lesko-ing.com.pl\/eng\/wp-json\/wp\/v2\/pages\/350","targetHints":{"allow":["GET"]}}],"collection":[{"href":"https:\/\/lesko-ing.com.pl\/eng\/wp-json\/wp\/v2\/pages"}],"about":[{"href":"https:\/\/lesko-ing.com.pl\/eng\/wp-json\/wp\/v2\/types\/page"}],"author":[{"embeddable":true,"href":"https:\/\/lesko-ing.com.pl\/eng\/wp-json\/wp\/v2\/users\/1"}],"replies":[{"embeddable":true,"href":"https:\/\/lesko-ing.com.pl\/eng\/wp-json\/wp\/v2\/comments?post=350"}],"version-history":[{"count":2,"href":"https:\/\/lesko-ing.com.pl\/eng\/wp-json\/wp\/v2\/pages\/350\/revisions"}],"predecessor-version":[{"id":1938,"href":"https:\/\/lesko-ing.com.pl\/eng\/wp-json\/wp\/v2\/pages\/350\/revisions\/1938"}],"wp:attachment":[{"href":"https:\/\/lesko-ing.com.pl\/eng\/wp-json\/wp\/v2\/media?parent=350"}],"curies":[{"name":"wp","href":"https:\/\/api.w.org\/{rel}","templated":true}]}}