{"id":1357,"date":"2016-04-02T09:11:04","date_gmt":"2016-04-02T07:11:04","guid":{"rendered":"http:\/\/borkowska.c0.pl\/?page_id=20"},"modified":"2016-07-14T12:15:15","modified_gmt":"2016-07-14T10:15:15","slug":"co-mozemy-zrobic-dla-ciebie","status":"publish","type":"page","link":"https:\/\/lesko-ing.com.pl\/eng\/co-mozemy-zrobic-dla-ciebie\/","title":{"rendered":"What can we do for you ?"},"content":{"rendered":"<div id=\"pl-1357\"  class=\"panel-layout\" ><div id=\"pg-1357-0\"  class=\"panel-grid panel-no-style\" ><div id=\"pgc-1357-0-0\"  class=\"panel-grid-cell\" ><div id=\"panel-1357-0-0-0\" class=\"so-panel widget widget_sow-editor panel-first-child panel-last-child\" data-index=\"0\" ><div\n\t\t\t\n\t\t\tclass=\"so-widget-sow-editor so-widget-sow-editor-base\"\n\t\t\t\n\t\t>\n<div class=\"siteorigin-widget-tinymce textwidget\">\n\t<p style=\"text-align: center;\">\u00a0<\/p>\n<h5 style=\"text-align: center;\">You do not know\u00a0which machine do you exactly need? Or\u00a0may you think that the problems you\u00a0meet in the production process are not to be solved?<\/h5>\n<h5 style=\"text-align: center;\">Lesko Engineering many times in its history\u00a0created\u00a0machines from basics\u00a0to match the requirements of the Customers. <strong><span style=\"color: #005eb8;\">Our company is\u00a0one of the few, or perhaps the only manufacturer of printing machines, which is able to approach the needs of Customers\u00a0unconventionally and propose a solution that is unique in the world.<\/span><\/strong><\/h5>\n<h5 style=\"text-align: center;\">Fill in the form and review there briefly your\u00a0problems or production needs. You can be sure that we will show you our ideas to solve them.<\/h5>\n<h5 style=\"text-align: center;\"><strong><span style=\"color: #005eb8;\">We have helped hundreds of companies and we will be pleased to help you too!<\/span><\/strong><\/h5>\n<\/div>\n<\/div><\/div><\/div><\/div><div id=\"pg-1357-1\"  class=\"panel-grid panel-has-style\" ><div class=\"panel-row-style panel-row-style-for-1357-1\" ><div id=\"pgc-1357-1-0\"  class=\"panel-grid-cell\" ><div id=\"panel-1357-1-0-0\" class=\"so-panel widget widget_text panel-first-child panel-last-child\" data-index=\"1\" ><div class=\"panel-widget-style panel-widget-style-for-1357-1-0-0\" ><h3 class=\"widget-title\">CONTACT FORM<\/h3>\t\t\t<div class=\"textwidget\"><div id=\"cscf\" class=\"cscfBlock\">\n    <div class=\"cscfMessageSent\" style=\"display:none;\" role=\"status\" aria-live=\"polite\">\n\t\t<h3>Wiadomo\u015b\u0107 zosta\u0142a wys\u0142ana<\/h3>\n<p>Dzi\u0119kujemy za wiadomo\u015b\u0107, skontaktujemy si\u0119 wkr\u00f3tce. <\/p>    <\/div>\n    <div class=\"cscfMessageNotSent\" style=\"display:none;\" role=\"alert\" aria-live=\"assertive\">\n\t\t<p>\n    Sorry, there has been a problem and your message was not sent.<\/p>\n    <\/div>\n    <div class=\"cscfForm\">\n        <p>Poni\u017cej wpisz swoje dane kontaktowe i kr\u00f3tk\u0105 wiadomo\u015b\u0107, a postaramy si\u0119 odpowiedzie\u0107 wkr\u00f3tce.<\/p>\n\n        <form role=\"form\" id=\"frmCSCF\" name=\"frmCSCF\" method=\"post\" novalidate>\n\t\t\t<input type=\"hidden\" id=\"cscf_nonce\" name=\"cscf_nonce\" value=\"27c094540d\" \/><input type=\"hidden\" name=\"_wp_http_referer\" value=\"\/eng\/wp-json\/wp\/v2\/pages\/1357\" \/>            <input type=\"hidden\" name=\"post-id\" value=\"\">\n\n\t\t\t\n            <!-- name -->\n            <div class=\"control-group form-group\">\n                <label for=\"cscf_name\">Name:<\/label>\n\n\n                <div class=\"\">\n\t\t\t\t\t                    <input class=\"form-control input-xlarge\"\n                           data-rule-required=\"true\"\n                           data-msg-required=\"Please give your name.\"\n                           type=\"text\" id=\"cscf_name\" name=\"cscf[name]\"\n                           value=\"\"\n                           placeholder=\"Your Name\"\n                           autocomplete=\"name\"\n                           aria-required=\"true\"\n                           aria-describedby=\"cscf_name_error\"\n                                               \/>\n                <\/div>\n                <span id=\"cscf_name_error\" class=\"help-inline help-block error\"\n                      style=\"display:none;\"\n                      role=\"alert\">\n                                    <\/span>\n            <\/div>\n\n\n            <!--email address-->\n            <div class=\"control-group form-group\">\n                <label for=\"cscf_email\">Email Address:<\/label>\n\n                <div class=\"\">\n\t\t\t\t\t                    <input class=\"form-control input-xlarge\"\n                           data-rule-required=\"true\"\n                           data-rule-email=\"true\"\n                           data-msg-required=\"Please give your email address.\"\n                           data-msg-email=\"Please enter a valid email address.\"\n                           type=\"email\" id=\"cscf_email\" name=\"cscf[email]\"\n                           value=\"\"\n                           placeholder=\"Your Email Address\"\n                           autocomplete=\"email\"\n                           aria-required=\"true\"\n                           aria-describedby=\"cscf_email_error\"\n                                               \/>\n                <\/div>\n                <span id=\"cscf_email_error\" class=\"help-inline help-block error\"\n                      style=\"display:none;\"\n                      role=\"alert\">\n                                    <\/span>\n            <\/div>\n\n\t\t\t                <!--confirm email address -->\n                <div class=\"control-group form-group\">\n                    <label for=\"cscf_confirm-email\">Confirm Email Address:<\/label>\n                    <div class=\"\">\n\t\t\t\t\t\t                        <input class=\"form-control input-xlarge\"\n                               data-rule-required=\"true\"\n                               data-rule-email=\"true\"\n                               data-rule-equalTo=\"#cscf_email\"\n                               data-msg-required=\"Please enter the same email address again.\"\n                               data-msg-email=\"Please enter a valid email address.\"\n                               data-msg-equalTo=\"Please enter the same email address again.\"\n                               type=\"email\" id=\"cscf_confirm-email\" name=\"cscf[confirm-email]\"\n                               value=\"\"\n                               placeholder=\"Confirm Your Email Address\"\n                               autocomplete=\"email\"\n                               aria-required=\"true\"\n                               aria-describedby=\"cscf_confirm-email_error\"\n                                                       \/>\n                    <\/div>\n                    <span id=\"cscf_confirm-email_error\" class=\"help-inline help-block error\"\n                          style=\"display:none;\"\n                          role=\"alert\">\n                                    <\/span>\n                <\/div>\n\t\t\t\n\t\t\t\n\n            <!-- message -->\n            <div class=\"control-group form-group\">\n                <label for=\"cscf_message\">Message:<\/label>\n                <div class=\"\">\n\t\t\t\t\t                    <textarea class=\"form-control input-xlarge\"\n                              data-rule-required=\"true\"\n                              data-msg-required=\"Please give a message.\"\n                              id=\"cscf_message\" name=\"cscf[message]\" rows=\"10\"\n                              placeholder=\"Your Message\"\n                              aria-required=\"true\"\n                              aria-describedby=\"cscf_message_error\"\n                              ><\/textarea>\n                <\/div>\n\n                <span id=\"cscf_message_error\" class=\"help-inline help-block error\"\n                      style=\"display:none;\"\n                      role=\"alert\">\n                                    <\/span>\n            <\/div>\n\n\t\t\t                <!-- email to sender -->\n                <div class=\"control-group form-group\">\n                    <label for=\"cscf_email-sender\">Send me a copy:<\/label>\n                    <div class=\"\">\n\t\t\t\t\t\t                        <input  type=\"checkbox\"\n                                                                                                   id=\"cscf_email-sender\"\n                                                                                                   name=\"cscf[email-sender]\">\n                    <\/div>\n                    <span id=\"cscf_email-sender_error\" class=\"help-inline help-block error\"\n                          style=\"display:none;\"\n                          role=\"alert\">\n                                            <\/span>\n                <\/div>\n\t\t\t\n\n\n\t\t\t\n            <!-- recaptcha -->\n\t\t\t\n                <div class=\"control-group form-group\">\n                    <div id=\"recaptcha_div\">\n                        <div class=\"g-recaptcha\" data-theme=\"light\"\n                             data-sitekey=\"6Lf9PSUTAAAAAM36BEoqu4ZJ2FJsSP0JW53MxJkc\"><\/div>\n\n\n                        <div id=\"cscf_recaptcha_error\"\n                             class=\"help-inline help-block error\"\n                             role=\"alert\"><\/div>\n\n\n                        <noscript>\n                            <div style=\"width: 302px; height: 422px;\">\n                                <div style=\"width: 302px; height: 422px; position: relative;\">\n                                    <div style=\"width: 302px; height: 422px; position: absolute;\">\n                                        <iframe\n                                                src=\"https:\/\/www.google.com\/recaptcha\/api\/fallback?k=6Lf9PSUTAAAAAM36BEoqu4ZJ2FJsSP0JW53MxJkc\"\n                                                frameborder=\"0\" scrolling=\"no\"\n                                                style=\"width:100%; height:422px; border-style: none;\"\n                                                title=\"reCAPTCHA challenge\">\n                                        <\/iframe>\n                                    <\/div>\n                                    <div style=\"width: 300px; height: 60px; border-style: none;\n                  bottom: 12px; left: 25px; margin: 0px; padding: 0px; right: 25px;\n                  background: #f9f9f9; border: 1px solid #c1c1c1; border-radius: 3px;\">\n                                        <label for=\"g-recaptcha-response\" class=\"screen-reader-text\">reCAPTCHA response<\/label>\n                                        <textarea id=\"g-recaptcha-response\" name=\"g-recaptcha-response\"\n                                                  class=\"g-recaptcha-response\"\n                                                  style=\"width: 250px; height: 40px; border: 1px solid #c1c1c1;\n                                                         margin: 10px 25px; padding: 0px; resize: none;\"><\/textarea>\n                                    <\/div>\n                                <\/div>\n                            <\/div>\n                        <\/noscript>\n\n                    <\/div>\n                <\/div>\n\t\t\t            <input type=\"submit\" id=\"cscf_SubmitButton\" class=\"btn btn-default\"\n                   value=\"Send Message\"\/>\n        <\/form>\n    <\/div>\n<\/div><\/div>\n\t\t<\/div><\/div><\/div><\/div><\/div><\/div>","protected":false},"excerpt":{"rendered":"<p>\u00a0You do not know\u00a0which machine do you exactly need? Or\u00a0may you think that the problems you\u00a0meet in the production process are not to be solved?Lesko Engineering many times in its history\u00a0created\u00a0machines from basics\u00a0to match the requirements of the Customers. Our company is\u00a0one of the few, or perhaps the only manufacturer of printing machines, which is able to approach [&hellip;]<\/p>\n","protected":false},"author":1,"featured_media":0,"parent":0,"menu_order":0,"comment_status":"closed","ping_status":"closed","template":"","meta":{"footnotes":""},"class_list":["post-1357","page","type-page","status-publish","hentry"],"aioseo_notices":[],"_links":{"self":[{"href":"https:\/\/lesko-ing.com.pl\/eng\/wp-json\/wp\/v2\/pages\/1357","targetHints":{"allow":["GET"]}}],"collection":[{"href":"https:\/\/lesko-ing.com.pl\/eng\/wp-json\/wp\/v2\/pages"}],"about":[{"href":"https:\/\/lesko-ing.com.pl\/eng\/wp-json\/wp\/v2\/types\/page"}],"author":[{"embeddable":true,"href":"https:\/\/lesko-ing.com.pl\/eng\/wp-json\/wp\/v2\/users\/1"}],"replies":[{"embeddable":true,"href":"https:\/\/lesko-ing.com.pl\/eng\/wp-json\/wp\/v2\/comments?post=1357"}],"version-history":[{"count":8,"href":"https:\/\/lesko-ing.com.pl\/eng\/wp-json\/wp\/v2\/pages\/1357\/revisions"}],"predecessor-version":[{"id":1448,"href":"https:\/\/lesko-ing.com.pl\/eng\/wp-json\/wp\/v2\/pages\/1357\/revisions\/1448"}],"wp:attachment":[{"href":"https:\/\/lesko-ing.com.pl\/eng\/wp-json\/wp\/v2\/media?parent=1357"}],"curies":[{"name":"wp","href":"https:\/\/api.w.org\/{rel}","templated":true}]}}