{"id":1352,"date":"2016-04-02T09:19:21","date_gmt":"2016-04-02T07:19:21","guid":{"rendered":"http:\/\/borkowska.c0.pl\/?page_id=27"},"modified":"2016-07-12T10:53:26","modified_gmt":"2016-07-12T08:53:26","slug":"wizja-i-wartosci","status":"publish","type":"page","link":"https:\/\/lesko-ing.com.pl\/eng\/wizja-i-wartosci\/","title":{"rendered":"Aims and values"},"content":{"rendered":"<div id=\"pl-1352\"  class=\"panel-layout\" ><div id=\"pg-1352-0\"  class=\"panel-grid panel-no-style\" ><div id=\"pgc-1352-0-0\"  class=\"panel-grid-cell\" >\r\n    <div id=\"panel-1352-0-0-0\" class=\"so-panel widget widget_maskitto_services panel-first-child\" data-index=\"0\" >        <div class=\"page-section page-section-services\">\r\n            <div class=\"container\">\r\n\r\n                                <div class=\"section-title text-center\">\r\n                                            <h3>Aims<\/h3>\r\n                                                                                    <div class=\"section-title-line\"><\/div>\r\n                                    <\/div>\r\n                \r\n                <div class=\"row services-list services-list-no-border\">\r\n                                            <div class=\"col-md-4 text-center service-item\">\r\n\r\n                            \r\n                                <div class=\"service-column-left\">\r\n                                    <div class=\"service-line\"><\/div>\r\n                                    <div class=\"service-icon\">\r\n                                        <i class=\"fa fa-pencil\"><\/i>\r\n                                    <\/div>\r\n                                    <div class=\"service-line-bottom\"><\/div>\r\n                                <\/div>\r\n                                <div class=\"service-column-right\">\r\n                                    <h5><\/h5>\r\n                                    <p>Make things safe, aesthetic, functional and reliable<\/p>\n                                                                    <\/div>\r\n\r\n                            \r\n                        <\/div>\r\n\r\n\r\n                        \r\n                                            <div class=\"col-md-4 text-center service-item\">\r\n\r\n                            \r\n                                <div class=\"service-column-left\">\r\n                                    <div class=\"service-line\"><\/div>\r\n                                    <div class=\"service-icon\">\r\n                                        <i class=\"fa fa-cube\"><\/i>\r\n                                    <\/div>\r\n                                    <div class=\"service-line-bottom\"><\/div>\r\n                                <\/div>\r\n                                <div class=\"service-column-right\">\r\n                                    <h5><\/h5>\r\n                                    <p>Offer the highest quality,\u00a0nature and user friendly product at the optimum price, that meets the real needs of customers<\/p>\n                                                                    <\/div>\r\n\r\n                            \r\n                        <\/div>\r\n\r\n\r\n                        \r\n                                            <div class=\"col-md-4 text-center service-item\">\r\n\r\n                            \r\n                                <div class=\"service-column-left\">\r\n                                    <div class=\"service-line\"><\/div>\r\n                                    <div class=\"service-icon\">\r\n                                        <i class=\"fa fa-cogs\"><\/i>\r\n                                    <\/div>\r\n                                    <div class=\"service-line-bottom\"><\/div>\r\n                                <\/div>\r\n                                <div class=\"service-column-right\">\r\n                                    <h5><\/h5>\r\n                                    <p>Create trends and innovative solutions<\/p>\n                                                                    <\/div>\r\n\r\n                            \r\n                        <\/div>\r\n\r\n\r\n                        \r\n                                    <\/div>\r\n            <\/div>\r\n        <\/div>\r\n    <\/div>\r\n    \r\n    <div id=\"panel-1352-0-0-1\" class=\"so-panel widget widget_maskitto_services panel-last-child\" data-index=\"1\" >        <div class=\"page-section page-section-services\">\r\n            <div class=\"container\">\r\n\r\n                                <div class=\"section-title text-center\">\r\n                                            <h3>Values<\/h3>\r\n                                                                                    <div class=\"section-title-line\"><\/div>\r\n                                    <\/div>\r\n                \r\n                <div class=\"row services-list \">\r\n                                            <div class=\"col-md-3 text-center service-item\">\r\n\r\n                            \r\n                                <div class=\"service-column-left\">\r\n                                    <div class=\"service-line\"><\/div>\r\n                                    <div class=\"service-icon\">\r\n                                        <i class=\"fa fa-hand-pointer-o\"><\/i>\r\n                                    <\/div>\r\n                                    <div class=\"service-line-bottom\"><\/div>\r\n                                <\/div>\r\n                                <div class=\"service-column-right\">\r\n                                    <h5>Passion<\/h5>\r\n                                    <ul>\n<li>We are determined to be the best in terms of our operation.<\/li>\n<li>We are involved, motivated, taking challenges people.<\/li>\n<\/ul>\n<p>&nbsp;<\/p>\n                                                                    <\/div>\r\n\r\n                            \r\n                        <\/div>\r\n\r\n\r\n                        \r\n                                            <div class=\"col-md-3 text-center service-item\">\r\n\r\n                            \r\n                                <div class=\"service-column-left\">\r\n                                    <div class=\"service-line\"><\/div>\r\n                                    <div class=\"service-icon\">\r\n                                        <i class=\"fa fa-certificate\"><\/i>\r\n                                    <\/div>\r\n                                    <div class=\"service-line-bottom\"><\/div>\r\n                                <\/div>\r\n                                <div class=\"service-column-right\">\r\n                                    <h5>Reliability<\/h5>\r\n                                    <ul>\n<li>We operate safely, ethically and legally.<\/li>\n<li>We care about the current and future needs of team members.<\/li>\n<li>We take responsibility for our work, behaving in an open, honest and truthful way.<\/li>\n<li>We treat each other with respect and build trust, realizing what we promised to do.<\/li>\n<\/ul>\n                                                                    <\/div>\r\n\r\n                            \r\n                        <\/div>\r\n\r\n\r\n                        \r\n                                            <div class=\"col-md-3 text-center service-item\">\r\n\r\n                            \r\n                                <div class=\"service-column-left\">\r\n                                    <div class=\"service-line\"><\/div>\r\n                                    <div class=\"service-icon\">\r\n                                        <i class=\"fa fa-hand-rock-o\"><\/i>\r\n                                    <\/div>\r\n                                    <div class=\"service-line-bottom\"><\/div>\r\n                                <\/div>\r\n                                <div class=\"service-column-right\">\r\n                                    <h5>Creativity<\/h5>\r\n                                    <ul>\n<li>We are the people who think prospectively, creatively, flexibly and innovatively.<\/li>\n<li>We encourage all of our employees to create the best ideas and we appreciate the values of multiple perspectives and different specializations.<\/li>\n<li>We are looking for the best talents, and we support continuous improvement and development.<\/li>\n<\/ul>\n                                                                    <\/div>\r\n\r\n                            \r\n                        <\/div>\r\n\r\n\r\n                        \r\n                                            <div class=\"col-md-3 text-center service-item\">\r\n\r\n                            \r\n                                <div class=\"service-column-left\">\r\n                                    <div class=\"service-line\"><\/div>\r\n                                    <div class=\"service-icon\">\r\n                                        <i class=\"fa fa-eyedropper\"><\/i>\r\n                                    <\/div>\r\n                                    <div class=\"service-line-bottom\"><\/div>\r\n                                <\/div>\r\n                                <div class=\"service-column-right\">\r\n                                    <h5>Perseverance<\/h5>\r\n                                    <ul>\n<li>We pass our aims and expectations in a transparent way.<\/li>\n<li>We carry out the process of continuous improvement and respond vigorously to changes.<\/li>\n<li>We want to look after our short-, medium- and long-term business needs.<\/li>\n<\/ul>\n                                                                    <\/div>\r\n\r\n                            \r\n                        <\/div>\r\n\r\n\r\n                        \r\n                                    <\/div>\r\n            <\/div>\r\n        <\/div>\r\n    <\/div>\r\n    <\/div><\/div><\/div>","protected":false},"excerpt":{"rendered":"<p>Aims &nbsp; edit Tworzy\u0107 rzeczy bezpieczne, estetyczne, funkcjonalne i\u00a0 niezawodne &nbsp; edit Oferowa\u0107 produkt najwy\u017cszej jako\u015bci w optymalnej cenie, zaspokajaj\u0105cy realne potrzeby Klient\u00f3w, przyjazny dla natury i\u00a0 u\u017cytkownika &nbsp; edit Kreowa\u0107 trendy i nowatorskie rozwi\u0105zania Values &nbsp; Pasja edit Jeste\u015bmy zdeterminowani, aby by\u0107 najlepszymi w zakresie swojego dzia\u0142ania. Jeste\u015bmy lud\u017ami zaanga\u017cowanymi, zmotywowanymi, kt\u00f3rzy podejmuj\u0105 wyzwania. &nbsp; &nbsp; Rzetelno\u015b\u0107 [&hellip;]<\/p>\n","protected":false},"author":1,"featured_media":0,"parent":0,"menu_order":0,"comment_status":"closed","ping_status":"closed","template":"","meta":{"footnotes":""},"class_list":["post-1352","page","type-page","status-publish","hentry"],"aioseo_notices":[],"_links":{"self":[{"href":"https:\/\/lesko-ing.com.pl\/eng\/wp-json\/wp\/v2\/pages\/1352","targetHints":{"allow":["GET"]}}],"collection":[{"href":"https:\/\/lesko-ing.com.pl\/eng\/wp-json\/wp\/v2\/pages"}],"about":[{"href":"https:\/\/lesko-ing.com.pl\/eng\/wp-json\/wp\/v2\/types\/page"}],"author":[{"embeddable":true,"href":"https:\/\/lesko-ing.com.pl\/eng\/wp-json\/wp\/v2\/users\/1"}],"replies":[{"embeddable":true,"href":"https:\/\/lesko-ing.com.pl\/eng\/wp-json\/wp\/v2\/comments?post=1352"}],"version-history":[{"count":4,"href":"https:\/\/lesko-ing.com.pl\/eng\/wp-json\/wp\/v2\/pages\/1352\/revisions"}],"predecessor-version":[{"id":1382,"href":"https:\/\/lesko-ing.com.pl\/eng\/wp-json\/wp\/v2\/pages\/1352\/revisions\/1382"}],"wp:attachment":[{"href":"https:\/\/lesko-ing.com.pl\/eng\/wp-json\/wp\/v2\/media?parent=1352"}],"curies":[{"name":"wp","href":"https:\/\/api.w.org\/{rel}","templated":true}]}}